{"id":445,"date":"2022-11-02T11:27:32","date_gmt":"2022-11-02T11:27:32","guid":{"rendered":"https:\/\/iqmedikal.com\/?post_type=product&#038;p=445"},"modified":"2022-11-04T17:24:11","modified_gmt":"2022-11-04T17:24:11","slug":"tupe-baglanan-medikal-hava-gaz-prizi-regulatoru","status":"publish","type":"product","link":"https:\/\/iqmedikal.com\/en\/product\/tupe-baglanan-medikal-hava-gaz-prizi-regulatoru\/","title":{"rendered":"Medical air outlet regulator with cylinder connection"},"content":{"rendered":"<p>Medikal hava gaz prizi reg\u00fclat\u00f6r\u00fc<\/p>","protected":false},"excerpt":{"rendered":"<p>Medical air outlet regulator with cylinder connection<\/p>","protected":false},"featured_media":526,"comment_status":"closed","ping_status":"closed","template":"","meta":[],"product_cat":[40],"product_tag":[],"class_list":["post-445","product","type-product","status-publish","has-post-thumbnail","hentry","product_cat-medikal-gaz-prizleri"],"_links":{"self":[{"href":"https:\/\/iqmedikal.com\/en\/wp-json\/wp\/v2\/product\/445","targetHints":{"allow":["GET"]}}],"collection":[{"href":"https:\/\/iqmedikal.com\/en\/wp-json\/wp\/v2\/product"}],"about":[{"href":"https:\/\/iqmedikal.com\/en\/wp-json\/wp\/v2\/types\/product"}],"replies":[{"embeddable":true,"href":"https:\/\/iqmedikal.com\/en\/wp-json\/wp\/v2\/comments?post=445"}],"wp:featuredmedia":[{"embeddable":true,"href":"https:\/\/iqmedikal.com\/en\/wp-json\/wp\/v2\/media\/526"}],"wp:attachment":[{"href":"https:\/\/iqmedikal.com\/en\/wp-json\/wp\/v2\/media?parent=445"}],"wp:term":[{"taxonomy":"product_cat","embeddable":true,"href":"https:\/\/iqmedikal.com\/en\/wp-json\/wp\/v2\/product_cat?post=445"},{"taxonomy":"product_tag","embeddable":true,"href":"https:\/\/iqmedikal.com\/en\/wp-json\/wp\/v2\/product_tag?post=445"}],"curies":[{"name":"wp","href":"https:\/\/api.w.org\/{rel}","templated":true}]}}