{"id":434,"date":"2022-11-02T11:27:17","date_gmt":"2022-11-02T11:27:17","guid":{"rendered":"https:\/\/iqmedikal.com\/?post_type=product&#038;p=434"},"modified":"2022-11-03T09:28:00","modified_gmt":"2022-11-03T09:28:00","slug":"toraks-emis-unitesi","status":"publish","type":"product","link":"https:\/\/iqmedikal.com\/en\/product\/toraks-emis-unitesi\/","title":{"rendered":"Thorax Suction Unit"},"content":{"rendered":"<p>Thorax is used to provide precise vacuum between 0 and 40 mbar.<\/p>\n<p><strong>Usage: <\/strong><br \/>\n\u2013 Adjustment bar is brought to the value on the scale.<br \/>\n\u2013 The value on the scale makes a constant vacuum.<br \/>\n\u2013 In case of excessive suction, the suction flow rate passes through the water and the vacuum becomes constant.<br \/>\n\u2013 The vacuum regulator setting used is precisely adjusted to remove the least air bubbles from the water.<\/p>","protected":false},"excerpt":{"rendered":"<p>Toraks 0 ila 40 mbar aras\u0131nda hassas vakum sa\u011flamak i\u00e7in kullan\u0131l\u0131r. Kullan\u0131m \u015eekli: &#8211; Ayar \u00e7ubu\u011fu skala \u00fczerindeki de\u011fere getirilir. &#8211; Skaladaki de\u011fer sabit \u015fekilde vakum yapar. &#8211; Fazla emi\u015f durumunda emi\u015f debisi suyun i\u00e7inden ge\u00e7erek vakum sabit hale gelir. &#8211; Kullan\u0131lan vakum reg\u00fclat\u00f6r\u00fc ayar\u0131 sudan en az hava kabarc\u0131\u011f\u0131 \u00e7\u0131karacak \u015fekilde hassas bir \u015fekilde [&hellip;]<\/p>","protected":false},"featured_media":543,"comment_status":"closed","ping_status":"closed","template":"","meta":[],"product_cat":[35],"product_tag":[60],"class_list":["post-434","product","type-product","status-publish","has-post-thumbnail","hentry","product_cat-ekipmanlar","product_tag-toraks"],"_links":{"self":[{"href":"https:\/\/iqmedikal.com\/en\/wp-json\/wp\/v2\/product\/434","targetHints":{"allow":["GET"]}}],"collection":[{"href":"https:\/\/iqmedikal.com\/en\/wp-json\/wp\/v2\/product"}],"about":[{"href":"https:\/\/iqmedikal.com\/en\/wp-json\/wp\/v2\/types\/product"}],"replies":[{"embeddable":true,"href":"https:\/\/iqmedikal.com\/en\/wp-json\/wp\/v2\/comments?post=434"}],"wp:featuredmedia":[{"embeddable":true,"href":"https:\/\/iqmedikal.com\/en\/wp-json\/wp\/v2\/media\/543"}],"wp:attachment":[{"href":"https:\/\/iqmedikal.com\/en\/wp-json\/wp\/v2\/media?parent=434"}],"wp:term":[{"taxonomy":"product_cat","embeddable":true,"href":"https:\/\/iqmedikal.com\/en\/wp-json\/wp\/v2\/product_cat?post=434"},{"taxonomy":"product_tag","embeddable":true,"href":"https:\/\/iqmedikal.com\/en\/wp-json\/wp\/v2\/product_tag?post=434"}],"curies":[{"name":"wp","href":"https:\/\/api.w.org\/{rel}","templated":true}]}}