{"id":432,"date":"2022-11-02T11:27:17","date_gmt":"2022-11-02T11:27:17","guid":{"rendered":"https:\/\/iqmedikal.com\/?post_type=product&#038;p=432"},"modified":"2025-03-15T15:59:01","modified_gmt":"2025-03-15T12:59:01","slug":"medikal-vakum-santrali","status":"publish","type":"product","link":"https:\/\/iqmedikal.com\/en\/product\/medikal-vakum-santrali\/","title":{"rendered":"Medikal Vakum Santralleri"},"content":{"rendered":"<h4>Merkezi medikal vakum santralleri,<\/h4>\n<h5>The central medical vacuum unit is used to provide a safe vacuum\/suction source in the operating room, intensive care, patient room and areas where vacuum is needed. The materials that make up the Central Medical Vacuum plant are:<\/h5>\n<p class=\" translation-block\">\u2022 Medical vacuum pump\n\u2022 Bacteria Filter Group\n\u2022 Vacuum Tank\n\u2022 Automatic Electrical Control Panel\n\u2022 Vacuumostat\n\u2022 Connectors<\/p>","protected":false},"excerpt":{"rendered":"<p>Merkezi medikal vakum santralleri, Hastanelerin ameliyathane, yo\u011fun bak\u0131m, hasta odas\u0131 ve vakum ihtiyac\u0131 duyulan mahallerinde g\u00fcvenli bir vakum\/emme kayna\u011f\u0131 sa\u011flamak i\u00e7in kullan\u0131l\u0131r. Merkezi Medikal Vakum santralini olu\u015fturan malzemeler \u015funlard\u0131r: \u2022 Medikal vakum pompas\u0131 \u2022 Bakteri Filtre Grubu \u2022 Vakum Tank\u0131 \u2022 Otomatik Elektrik Kontrol Paneli \u2022 Vakumostat \u2022 Ba\u011flant\u0131 Elemanlar\u0131<\/p>","protected":false},"featured_media":556,"comment_status":"closed","ping_status":"closed","template":"","meta":[],"product_cat":[41],"product_tag":[59,51],"class_list":["post-432","product","type-product","status-publish","has-post-thumbnail","hentry","product_cat-medikal-gaz-santralleri","product_tag-santraller","product_tag-vakum"],"_links":{"self":[{"href":"https:\/\/iqmedikal.com\/en\/wp-json\/wp\/v2\/product\/432","targetHints":{"allow":["GET"]}}],"collection":[{"href":"https:\/\/iqmedikal.com\/en\/wp-json\/wp\/v2\/product"}],"about":[{"href":"https:\/\/iqmedikal.com\/en\/wp-json\/wp\/v2\/types\/product"}],"replies":[{"embeddable":true,"href":"https:\/\/iqmedikal.com\/en\/wp-json\/wp\/v2\/comments?post=432"}],"wp:featuredmedia":[{"embeddable":true,"href":"https:\/\/iqmedikal.com\/en\/wp-json\/wp\/v2\/media\/556"}],"wp:attachment":[{"href":"https:\/\/iqmedikal.com\/en\/wp-json\/wp\/v2\/media?parent=432"}],"wp:term":[{"taxonomy":"product_cat","embeddable":true,"href":"https:\/\/iqmedikal.com\/en\/wp-json\/wp\/v2\/product_cat?post=432"},{"taxonomy":"product_tag","embeddable":true,"href":"https:\/\/iqmedikal.com\/en\/wp-json\/wp\/v2\/product_tag?post=432"}],"curies":[{"name":"wp","href":"https:\/\/api.w.org\/{rel}","templated":true}]}}