{"id":430,"date":"2022-11-02T11:27:16","date_gmt":"2022-11-02T11:27:16","guid":{"rendered":"https:\/\/iqmedikal.com\/?post_type=product&#038;p=430"},"modified":"2022-11-02T13:17:38","modified_gmt":"2022-11-02T13:17:38","slug":"likit-oksijen-cevrim-panosu","status":"publish","type":"product","link":"https:\/\/iqmedikal.com\/en\/product\/likit-oksijen-cevrim-panosu\/","title":{"rendered":"Liquid Oxygen Change-over System"},"content":{"rendered":"<p>Medical Oxygen, Nitrous oxide, Carbon Dioxide, Nitrogen, Mix Gas, Helium, Acetylene, Hydrogen Medical Air plant is used to supply the hospital\u2019s gas need from a source. The working principles of these power plants are almost the same. The only difference is the gases contained in the tubes used in the power plant. These compressed gases are used in operating rooms, intensive care units, in vitro fertilization centers, baby care units, emergency departments, patient rooms, laboratories and places where it is needed. Gases are stored under high pressure in tubes connected to the central power plant. The pressure of the gas varies according to the types of gas in the tubes. The power plant capacity varies according to the hospital\u2019s medical gas usage needs.<\/p>","protected":false},"excerpt":{"rendered":"<p>Medikal Oksijen, Likit Oksijen \u00c7evrim Panosu, Azotprotoksit, Karbondioksit, Azot, Mix Gaz, Helyum, Asetilen, Hidrojen Medikal Hava santrali, hastanenin ilgili gaz ihtiyac\u0131n\u0131 bir kaynaktan temin etmek i\u00e7in kullan\u0131l\u0131r. Bu santrallerin \u00e7al\u0131\u015fma prensipleri hemen hemen ayn\u0131d\u0131r. Tek fark santralda kullan\u0131lan t\u00fcplerin i\u00e7erdi\u011fi gazlard\u0131r. Bu s\u0131k\u0131\u015ft\u0131r\u0131lm\u0131\u015f gazlar ameliyathanelerde, yo\u011fun bak\u0131m \u00fcnitelerinde, t\u00fcp bebek merkezlerinde, bebek bak\u0131m \u00fcnitelerinde, acil [&hellip;]<\/p>","protected":false},"featured_media":503,"comment_status":"closed","ping_status":"closed","template":"","meta":[],"product_cat":[41],"product_tag":[55],"class_list":["post-430","product","type-product","status-publish","has-post-thumbnail","hentry","product_cat-medikal-gaz-santralleri","product_tag-likit-oksijen"],"_links":{"self":[{"href":"https:\/\/iqmedikal.com\/en\/wp-json\/wp\/v2\/product\/430","targetHints":{"allow":["GET"]}}],"collection":[{"href":"https:\/\/iqmedikal.com\/en\/wp-json\/wp\/v2\/product"}],"about":[{"href":"https:\/\/iqmedikal.com\/en\/wp-json\/wp\/v2\/types\/product"}],"replies":[{"embeddable":true,"href":"https:\/\/iqmedikal.com\/en\/wp-json\/wp\/v2\/comments?post=430"}],"wp:featuredmedia":[{"embeddable":true,"href":"https:\/\/iqmedikal.com\/en\/wp-json\/wp\/v2\/media\/503"}],"wp:attachment":[{"href":"https:\/\/iqmedikal.com\/en\/wp-json\/wp\/v2\/media?parent=430"}],"wp:term":[{"taxonomy":"product_cat","embeddable":true,"href":"https:\/\/iqmedikal.com\/en\/wp-json\/wp\/v2\/product_cat?post=430"},{"taxonomy":"product_tag","embeddable":true,"href":"https:\/\/iqmedikal.com\/en\/wp-json\/wp\/v2\/product_tag?post=430"}],"curies":[{"name":"wp","href":"https:\/\/api.w.org\/{rel}","templated":true}]}}