{"id":429,"date":"2022-11-02T11:27:16","date_gmt":"2022-11-02T11:27:16","guid":{"rendered":"https:\/\/iqmedikal.com\/?post_type=product&#038;p=429"},"modified":"2022-11-02T13:19:17","modified_gmt":"2022-11-02T13:19:17","slug":"vakum-kavanozu","status":"publish","type":"product","link":"https:\/\/iqmedikal.com\/en\/product\/vakum-kavanozu\/","title":{"rendered":"Vakum Kavanozu"},"content":{"rendered":"<p>It is manufactured from hygienic material by plastic injection and can be sterilized in an autoclave. Thanks to the float system on it, it has the feature of automatically cutting the vacuum when it is full. Thanks to the wall mounting apparatus and the accessory rail connection apparatus, it provides the possibility of mounting where needed. Vacuum jar capacity is 2 lt. It has a disposable bag system depending on demand.<\/p>","protected":false},"excerpt":{"rendered":"<p>Vakum Kavanozu, Plastik enjeksiyon yolu ile hijyenik malzemeden imal edilmekte ve otoklavda steril edilebilir \u00f6zelliktedir. \u00dczerinde bulunan \u015famand\u0131ra sistemi sayesinde doldu\u011fu zaman otomatik olarak vakumu kesme \u00f6zelli\u011fine sahiptir. Duvar montaj aparat\u0131 ve aksesuar ray\u0131 ba\u011flant\u0131 aparat\u0131 sayesinde ihtiya\u00e7 duyulan yere montaj imkan\u0131 sa\u011flar. Vakum kavanozu kapasitesi 2 lt\u2019dir. \u0130ste\u011fe ba\u011fl\u0131 olarak disposable (tek kullan\u0131ml\u0131k) po\u015fet [&hellip;]<\/p>","protected":false},"featured_media":588,"comment_status":"closed","ping_status":"closed","template":"","meta":[],"product_cat":[33],"product_tag":[54,51],"class_list":["post-429","product","type-product","status-publish","has-post-thumbnail","hentry","product_cat-aksesuarlar","product_tag-kavanozu","product_tag-vakum"],"_links":{"self":[{"href":"https:\/\/iqmedikal.com\/en\/wp-json\/wp\/v2\/product\/429","targetHints":{"allow":["GET"]}}],"collection":[{"href":"https:\/\/iqmedikal.com\/en\/wp-json\/wp\/v2\/product"}],"about":[{"href":"https:\/\/iqmedikal.com\/en\/wp-json\/wp\/v2\/types\/product"}],"replies":[{"embeddable":true,"href":"https:\/\/iqmedikal.com\/en\/wp-json\/wp\/v2\/comments?post=429"}],"wp:featuredmedia":[{"embeddable":true,"href":"https:\/\/iqmedikal.com\/en\/wp-json\/wp\/v2\/media\/588"}],"wp:attachment":[{"href":"https:\/\/iqmedikal.com\/en\/wp-json\/wp\/v2\/media?parent=429"}],"wp:term":[{"taxonomy":"product_cat","embeddable":true,"href":"https:\/\/iqmedikal.com\/en\/wp-json\/wp\/v2\/product_cat?post=429"},{"taxonomy":"product_tag","embeddable":true,"href":"https:\/\/iqmedikal.com\/en\/wp-json\/wp\/v2\/product_tag?post=429"}],"curies":[{"name":"wp","href":"https:\/\/api.w.org\/{rel}","templated":true}]}}