{"id":425,"date":"2022-11-02T11:27:16","date_gmt":"2022-11-02T11:27:16","guid":{"rendered":"https:\/\/iqmedikal.com\/?post_type=product&#038;p=425"},"modified":"2022-11-02T13:23:49","modified_gmt":"2022-11-02T13:23:49","slug":"manometreli-vanalar","status":"publish","type":"product","link":"https:\/\/iqmedikal.com\/en\/product\/manometreli-vanalar\/","title":{"rendered":"Valves with Manometer"},"content":{"rendered":"<p>Valves with Manometer<\/p>\n<p>It is the equipment that provides gas output by adjusting the flow from the relevant gas outlet.<\/p>","protected":false},"excerpt":{"rendered":"<p>Manometreli Vanalar \u0130lgili gaz prizinden ak\u0131\u015f ayarlayarak gaz \u00e7\u0131k\u0131\u015f\u0131 sa\u011flayan ekipmanlard\u0131r.<\/p>","protected":false},"featured_media":487,"comment_status":"closed","ping_status":"closed","template":"","meta":[],"product_cat":[35],"product_tag":[],"class_list":["post-425","product","type-product","status-publish","has-post-thumbnail","hentry","product_cat-ekipmanlar"],"_links":{"self":[{"href":"https:\/\/iqmedikal.com\/en\/wp-json\/wp\/v2\/product\/425","targetHints":{"allow":["GET"]}}],"collection":[{"href":"https:\/\/iqmedikal.com\/en\/wp-json\/wp\/v2\/product"}],"about":[{"href":"https:\/\/iqmedikal.com\/en\/wp-json\/wp\/v2\/types\/product"}],"replies":[{"embeddable":true,"href":"https:\/\/iqmedikal.com\/en\/wp-json\/wp\/v2\/comments?post=425"}],"wp:featuredmedia":[{"embeddable":true,"href":"https:\/\/iqmedikal.com\/en\/wp-json\/wp\/v2\/media\/487"}],"wp:attachment":[{"href":"https:\/\/iqmedikal.com\/en\/wp-json\/wp\/v2\/media?parent=425"}],"wp:term":[{"taxonomy":"product_cat","embeddable":true,"href":"https:\/\/iqmedikal.com\/en\/wp-json\/wp\/v2\/product_cat?post=425"},{"taxonomy":"product_tag","embeddable":true,"href":"https:\/\/iqmedikal.com\/en\/wp-json\/wp\/v2\/product_tag?post=425"}],"curies":[{"name":"wp","href":"https:\/\/api.w.org\/{rel}","templated":true}]}}