{"id":423,"date":"2022-11-02T11:27:16","date_gmt":"2022-11-02T11:27:16","guid":{"rendered":"https:\/\/iqmedikal.com\/?post_type=product&#038;p=423"},"modified":"2022-11-02T13:27:34","modified_gmt":"2022-11-02T13:27:34","slug":"regulatorlu-flowmetre-terapi-cihazi","status":"publish","type":"product","link":"https:\/\/iqmedikal.com\/en\/product\/regulatorlu-flowmetre-terapi-cihazi\/","title":{"rendered":"Flowmeter with Regulator (Therapy Device)"},"content":{"rendered":"<h3>Reg\u00fclat\u00f6rl\u00fc Flowmetre (Terapi Cihaz\u0131):<\/h3>\n<p>Oxygen therapy device \u2013 To be used in emergency services, patient rooms and patient transports, in cases where the patient cannot benefit from the central system, it adjusts the flow rate of the high pressure coming from the cylinder and provides the oxygen to be given to the patient by humidifying it.<\/p>","protected":false},"excerpt":{"rendered":"<p>Reg\u00fclat\u00f6rl\u00fc Flowmetre (Terapi Cihaz\u0131): Acil servislerde, hasta odalar\u0131nda ve hasta nakillerinde, hastan\u0131n merkezi sistemden faydalanamad\u0131\u011f\u0131 durumlarda kullan\u0131lmak \u00fczere t\u00fcpten gelen y\u00fcksek bas\u0131nc\u0131n debisini ayarlay\u0131p oksijenin nemlendirilerek hastaya verilmesini sa\u011flar.<\/p>","protected":false},"featured_media":541,"comment_status":"closed","ping_status":"closed","template":"","meta":[],"product_cat":[35],"product_tag":[53],"class_list":["post-423","product","type-product","status-publish","has-post-thumbnail","hentry","product_cat-ekipmanlar","product_tag-terapi-cihazi"],"_links":{"self":[{"href":"https:\/\/iqmedikal.com\/en\/wp-json\/wp\/v2\/product\/423","targetHints":{"allow":["GET"]}}],"collection":[{"href":"https:\/\/iqmedikal.com\/en\/wp-json\/wp\/v2\/product"}],"about":[{"href":"https:\/\/iqmedikal.com\/en\/wp-json\/wp\/v2\/types\/product"}],"replies":[{"embeddable":true,"href":"https:\/\/iqmedikal.com\/en\/wp-json\/wp\/v2\/comments?post=423"}],"wp:featuredmedia":[{"embeddable":true,"href":"https:\/\/iqmedikal.com\/en\/wp-json\/wp\/v2\/media\/541"}],"wp:attachment":[{"href":"https:\/\/iqmedikal.com\/en\/wp-json\/wp\/v2\/media?parent=423"}],"wp:term":[{"taxonomy":"product_cat","embeddable":true,"href":"https:\/\/iqmedikal.com\/en\/wp-json\/wp\/v2\/product_cat?post=423"},{"taxonomy":"product_tag","embeddable":true,"href":"https:\/\/iqmedikal.com\/en\/wp-json\/wp\/v2\/product_tag?post=423"}],"curies":[{"name":"wp","href":"https:\/\/api.w.org\/{rel}","templated":true}]}}