{"id":422,"date":"2022-11-02T11:27:15","date_gmt":"2022-11-02T11:27:15","guid":{"rendered":"https:\/\/iqmedikal.com\/?post_type=product&#038;p=422"},"modified":"2025-04-08T19:28:11","modified_gmt":"2025-04-08T16:28:11","slug":"pendant","status":"publish","type":"product","link":"https:\/\/iqmedikal.com\/en\/product\/pendant\/","title":{"rendered":"Pendant"},"content":{"rendered":"<p>Pendants are units that are connected from the ceiling and not in contact with the floor to provide all the services and device connections needed for the medical gas and electrical installations of the operating rooms. Pendants are specially designed in various shapes and features as single or double arm, movable or static, according to the physical conditions and medical requirements of the place where they will be used. Pendants have high mobility as they are connected to the main system via internal medical gas system and electrical installation hoses. It consists of pendant arm, console, monitor stand and shelves. Shelves and drawers are optionally added. Pendant heights are specially designed according to the height of the place where the application will be made. hanks to the pressure gauges on the console, the pressures of the gases inside the pendant can be seen.<\/p>","protected":false},"excerpt":{"rendered":"<p>Pendantlar, ameliyathanelerin medikal gaz ve elektrik tesisat\u0131 i\u00e7in ihtiya\u00e7 duyulan t\u00fcm servislere ve cihaz ba\u011flant\u0131lar\u0131n\u0131 sa\u011flamak i\u00e7in tavandan ba\u011flant\u0131 yap\u0131lan ve zeminle temas\u0131 olmayan \u00fcnitelerdir. Pendantlar, kullan\u0131lacaklar\u0131 yerin fiziksel \u015fartlar\u0131na ve t\u0131bbi gereksinimlerine g\u00f6re tek ya da \u00e7ift kollu, hareketli veya statik olarak \u00e7e\u015fitli \u015fekil ve \u00f6zelliklerde \u00f6zel olarak dizayn edilmektedir. Pendant i\u00e7 medikal gaz [&hellip;]<\/p>","protected":false},"featured_media":1658,"comment_status":"closed","ping_status":"closed","template":"","meta":[],"product_cat":[43],"product_tag":[52],"class_list":["post-422","product","type-product","status-publish","has-post-thumbnail","hentry","product_cat-pendant","product_tag-pendant"],"_links":{"self":[{"href":"https:\/\/iqmedikal.com\/en\/wp-json\/wp\/v2\/product\/422","targetHints":{"allow":["GET"]}}],"collection":[{"href":"https:\/\/iqmedikal.com\/en\/wp-json\/wp\/v2\/product"}],"about":[{"href":"https:\/\/iqmedikal.com\/en\/wp-json\/wp\/v2\/types\/product"}],"replies":[{"embeddable":true,"href":"https:\/\/iqmedikal.com\/en\/wp-json\/wp\/v2\/comments?post=422"}],"wp:featuredmedia":[{"embeddable":true,"href":"https:\/\/iqmedikal.com\/en\/wp-json\/wp\/v2\/media\/1658"}],"wp:attachment":[{"href":"https:\/\/iqmedikal.com\/en\/wp-json\/wp\/v2\/media?parent=422"}],"wp:term":[{"taxonomy":"product_cat","embeddable":true,"href":"https:\/\/iqmedikal.com\/en\/wp-json\/wp\/v2\/product_cat?post=422"},{"taxonomy":"product_tag","embeddable":true,"href":"https:\/\/iqmedikal.com\/en\/wp-json\/wp\/v2\/product_tag?post=422"}],"curies":[{"name":"wp","href":"https:\/\/api.w.org\/{rel}","templated":true}]}}