{"id":421,"date":"2022-11-02T11:27:15","date_gmt":"2022-11-02T11:27:15","guid":{"rendered":"https:\/\/iqmedikal.com\/?post_type=product&#038;p=421"},"modified":"2022-11-02T14:01:42","modified_gmt":"2022-11-02T14:01:42","slug":"hemsire-cagri-sistemi","status":"publish","type":"product","link":"https:\/\/iqmedikal.com\/en\/product\/hemsire-cagri-sistemi\/","title":{"rendered":"Nurse Call System"},"content":{"rendered":"<p>Nurse Call System<\/p>\n<p class=\" translation-block\">A\u011f altyap\u0131s\u0131n\u0131 kullanan mikro i\u015flemci kontroll\u00fc bir \u00e7a\u011fr\u0131 sistemidir.<br>\r\nHastaneler i\u00e7in \u00f6zel olarak tasarlanm\u0131\u015ft\u0131r. Normal \u00e7a\u011fr\u0131, tuvalet \u00e7a\u011fr\u0131s\u0131, yard\u0131m \u00e7a\u011fr\u0131s\u0131, acil \u00e7a\u011fr\u0131 ve hem\u015fire odada standart olarak sistemde mevcuttur.<br>\r\nTelsiz \u00e7a\u011fr\u0131 cihazlar\u0131 ile entegrasyon sisteme \u00e7ok b\u00fcy\u00fck esneklik ve i\u015flevsellik kazand\u0131r\u0131r. Sistemi i\u015fletmenin mesai zamanlar\u0131nda ve personelin sorumluluk alanlar\u0131na g\u00f6re yap\u0131land\u0131r\u0131labilir.<br>\r\nSistem ayarlar\u0131 kolay kullan\u0131ml\u0131 bilgisayar program\u0131 ile yap\u0131l\u0131r.<\/p>","protected":false},"excerpt":{"rendered":"<p>Hem\u015fire \u00c7a\u011fr\u0131 Sistemi A\u011f altyap\u0131s\u0131n\u0131 kullanan mikro i\u015flemci kontroll\u00fc bir \u00e7a\u011fr\u0131 sistemidir. Hastaneler i\u00e7in \u00f6zel olarak tasarlanm\u0131\u015ft\u0131r. Normal \u00e7a\u011fr\u0131, tuvalet \u00e7a\u011fr\u0131s\u0131, yard\u0131m \u00e7a\u011fr\u0131s\u0131, acil \u00e7a\u011fr\u0131 ve hem\u015fire odada standart olarak sistemde mevcuttur. Telsiz \u00e7a\u011fr\u0131 cihazlar\u0131 ile entegrasyon sisteme \u00e7ok b\u00fcy\u00fck esneklik ve i\u015flevsellik kazand\u0131r\u0131r. Sistemi i\u015fletmenin mesai zamanlar\u0131nda ve personelin sorumluluk alanlar\u0131na g\u00f6re yap\u0131land\u0131r\u0131labilir. Sistem [&hellip;]<\/p>","protected":false},"featured_media":607,"comment_status":"closed","ping_status":"closed","template":"","meta":[],"product_cat":[37],"product_tag":[],"class_list":["post-421","product","type-product","status-publish","has-post-thumbnail","hentry","product_cat-hemsire-cagri-sistemi"],"_links":{"self":[{"href":"https:\/\/iqmedikal.com\/en\/wp-json\/wp\/v2\/product\/421","targetHints":{"allow":["GET"]}}],"collection":[{"href":"https:\/\/iqmedikal.com\/en\/wp-json\/wp\/v2\/product"}],"about":[{"href":"https:\/\/iqmedikal.com\/en\/wp-json\/wp\/v2\/types\/product"}],"replies":[{"embeddable":true,"href":"https:\/\/iqmedikal.com\/en\/wp-json\/wp\/v2\/comments?post=421"}],"wp:featuredmedia":[{"embeddable":true,"href":"https:\/\/iqmedikal.com\/en\/wp-json\/wp\/v2\/media\/607"}],"wp:attachment":[{"href":"https:\/\/iqmedikal.com\/en\/wp-json\/wp\/v2\/media?parent=421"}],"wp:term":[{"taxonomy":"product_cat","embeddable":true,"href":"https:\/\/iqmedikal.com\/en\/wp-json\/wp\/v2\/product_cat?post=421"},{"taxonomy":"product_tag","embeddable":true,"href":"https:\/\/iqmedikal.com\/en\/wp-json\/wp\/v2\/product_tag?post=421"}],"curies":[{"name":"wp","href":"https:\/\/api.w.org\/{rel}","templated":true}]}}