{"id":420,"date":"2022-11-02T11:27:15","date_gmt":"2022-11-02T11:27:15","guid":{"rendered":"https:\/\/iqmedikal.com\/?post_type=product&#038;p=420"},"modified":"2025-03-15T16:04:33","modified_gmt":"2025-03-15T13:04:33","slug":"kat-panosu","status":"publish","type":"product","link":"https:\/\/iqmedikal.com\/en\/product\/kat-panosu\/","title":{"rendered":"Regional Control Panel"},"content":{"rendered":"<p class=\" translation-block\">They are systems that measure gas flows in regional shut-off valve groups installed in the relevant parts of the hospital or in independent desired areas, evaluate the data in these measurements, display low pressure, high pressure, suitable for use information on the screen and give sensory and visual alarms.\nThe systems, which are produced in two ways, with LCD screen and LED screen, are designed to provide information flow to the existing automation system or to its own automation panel, if desired.<\/p>","protected":false},"excerpt":{"rendered":"<p>Kat Panosu, Hastanenin ilgili b\u00f6l\u00fcmlerine monte edilen b\u00f6lgesel kesme vana guruplar\u0131nda ya da ba\u011f\u0131ms\u0131z istenilen b\u00f6lgelerde gaz ak\u0131\u015flar\u0131n\u0131n \u00f6l\u00e7\u00fcl\u00fcp, bu \u00f6l\u00e7\u00fclerdeki verileri de\u011ferlendirip al\u00e7ak bas\u0131n\u00e7, y\u00fcksek bas\u0131n\u00e7, kullan\u0131ma uygun bilgilerini ekran\u0131nda g\u00f6sterip, duysal ve g\u00f6rsel alarm verebilen sistemlerdir. LCD ekranl\u0131 ve LED ekranl\u0131 olmak \u00fczere iki \u015fekilde \u00fcretimi yap\u0131lan sistemler istenildi\u011fi taktirde mevcut otomasyon sistemine [&hellip;]<\/p>","protected":false},"featured_media":481,"comment_status":"closed","ping_status":"closed","template":"","meta":[],"product_cat":[38],"product_tag":[],"class_list":["post-420","product","type-product","status-publish","has-post-thumbnail","hentry","product_cat-kat-panosu"],"_links":{"self":[{"href":"https:\/\/iqmedikal.com\/en\/wp-json\/wp\/v2\/product\/420","targetHints":{"allow":["GET"]}}],"collection":[{"href":"https:\/\/iqmedikal.com\/en\/wp-json\/wp\/v2\/product"}],"about":[{"href":"https:\/\/iqmedikal.com\/en\/wp-json\/wp\/v2\/types\/product"}],"replies":[{"embeddable":true,"href":"https:\/\/iqmedikal.com\/en\/wp-json\/wp\/v2\/comments?post=420"}],"wp:featuredmedia":[{"embeddable":true,"href":"https:\/\/iqmedikal.com\/en\/wp-json\/wp\/v2\/media\/481"}],"wp:attachment":[{"href":"https:\/\/iqmedikal.com\/en\/wp-json\/wp\/v2\/media?parent=420"}],"wp:term":[{"taxonomy":"product_cat","embeddable":true,"href":"https:\/\/iqmedikal.com\/en\/wp-json\/wp\/v2\/product_cat?post=420"},{"taxonomy":"product_tag","embeddable":true,"href":"https:\/\/iqmedikal.com\/en\/wp-json\/wp\/v2\/product_tag?post=420"}],"curies":[{"name":"wp","href":"https:\/\/api.w.org\/{rel}","templated":true}]}}