{"id":417,"date":"2022-11-02T11:27:15","date_gmt":"2022-11-02T11:27:15","guid":{"rendered":"https:\/\/iqmedikal.com\/?post_type=product&#038;p=417"},"modified":"2022-11-02T13:36:48","modified_gmt":"2022-11-02T13:36:48","slug":"medikal-bakir-boru-tesisati","status":"publish","type":"product","link":"https:\/\/iqmedikal.com\/en\/product\/medikal-bakir-boru-tesisati\/","title":{"rendered":"Medical Copper Pipeline"},"content":{"rendered":"<p>Medical Copper Pipeline<\/p>\n<p>Since medical gas systems directly affect the health of patients, the materials and equipment used in the system should be carefully selected and projects should be implemented by experienced personnel of companies whose business is only medical gas systems. Medical gases are Medical Oxygen-Medical Vacuum-Medical Air-Medical Nitrogenprotoxide-Medical Carbon Dioxide-Medical Pure Nitrogen gases. The medical phrases of these gases distinguish them from the gases used in industry. It is produced in standards specific to the class of gases containing medical inscriptions. Medical copper pipes should be used in the installations of all these medical gases transmitted from the plants to the user-patient.<\/p>","protected":false},"excerpt":{"rendered":"<p>Medikal Bak\u0131r Boru Tesisat\u0131 Medikal gaz sistemleri, hastalar\u0131n sa\u011fl\u0131\u011f\u0131n\u0131 birebir etkiledi\u011fi i\u00e7in sistemde kullan\u0131lan malzeme ve ekipmanlar \u00f6zenle se\u00e7ilmeli ve i\u015fi sadece medikal gaz sistemi olan firmalar\u0131n deneyimli personelleri taraf\u0131ndan projeler uygulanmal\u0131d\u0131r. Medikal gazlar, Medikal Oksijen-Medikal Vakum-Medikal Hava-Medikal Azotprotoksit-Medikal Karbondioksit-Medikal Saf Azot gazlar\u0131d\u0131r. Bu gazlar\u0131n medikal ibareleri onlar\u0131 sanayide kullan\u0131lan gazlardan ay\u0131r\u0131r. Medikal ibare bulunduran [&hellip;]<\/p>","protected":false},"featured_media":488,"comment_status":"closed","ping_status":"closed","template":"","meta":[],"product_cat":[39],"product_tag":[],"class_list":["post-417","product","type-product","status-publish","has-post-thumbnail","hentry","product_cat-medikal-bakir-boru"],"_links":{"self":[{"href":"https:\/\/iqmedikal.com\/en\/wp-json\/wp\/v2\/product\/417","targetHints":{"allow":["GET"]}}],"collection":[{"href":"https:\/\/iqmedikal.com\/en\/wp-json\/wp\/v2\/product"}],"about":[{"href":"https:\/\/iqmedikal.com\/en\/wp-json\/wp\/v2\/types\/product"}],"replies":[{"embeddable":true,"href":"https:\/\/iqmedikal.com\/en\/wp-json\/wp\/v2\/comments?post=417"}],"wp:featuredmedia":[{"embeddable":true,"href":"https:\/\/iqmedikal.com\/en\/wp-json\/wp\/v2\/media\/488"}],"wp:attachment":[{"href":"https:\/\/iqmedikal.com\/en\/wp-json\/wp\/v2\/media?parent=417"}],"wp:term":[{"taxonomy":"product_cat","embeddable":true,"href":"https:\/\/iqmedikal.com\/en\/wp-json\/wp\/v2\/product_cat?post=417"},{"taxonomy":"product_tag","embeddable":true,"href":"https:\/\/iqmedikal.com\/en\/wp-json\/wp\/v2\/product_tag?post=417"}],"curies":[{"name":"wp","href":"https:\/\/api.w.org\/{rel}","templated":true}]}}