{"id":415,"date":"2022-11-02T11:27:15","date_gmt":"2022-11-02T11:27:15","guid":{"rendered":"https:\/\/iqmedikal.com\/?post_type=product&#038;p=415"},"modified":"2022-11-02T13:34:54","modified_gmt":"2022-11-02T13:34:54","slug":"hasta-yatak-basi-unitesi","status":"publish","type":"product","link":"https:\/\/iqmedikal.com\/en\/product\/hasta-yatak-basi-unitesi\/","title":{"rendered":"Patient Bed Head Unit"},"content":{"rendered":"<p class=\" translation-block\">Patient bedside units are specially designed according to the physical conditions and medical requirements of the hospital, and are manufactured by prioritizing visuality and functionality. The units include direct and indirect lighting lamps, electrical sockets, grounding system, commutator switch, telephone socket and medical gas installation, as well as nurse call systems with different features upon request.\nIt is designed and manufactured from first quality aluminum extruded and consisting of 3 separate closed sections where the medical gas installation and electrical installations of the units are designed separately from each other. All covers of bed head units can be attached and removed by screwless snapping method. It is produced in desired lengths according to the physical conditions of the hospital and the unit is colored with electrostatic powder painting or natural anodized.<\/p>","protected":false},"excerpt":{"rendered":"<p>Hasta yatak ba\u015f\u0131 \u00fcnitesi hastanenin fiziksel \u015fartlar\u0131na ve t\u0131bbi gereksinimlerine g\u00f6re \u00f6zel olarak dizayn edilmi\u015f olup, g\u00f6rsellik ve i\u015flevsellik \u00f6n planda tutularak imal edilmektedir. \u00dcniteler direkt ve endirekt ayd\u0131nlatma lambalar\u0131, elektrik prizleri, topraklama sistemi, kom\u00fctat\u00f6r anahtar, telefon prizi ve medikal gaz tesisat\u0131 yan\u0131nda iste\u011fe ba\u011fl\u0131 olarak de\u011fi\u015fik \u00f6zelliklerde hem\u015fire \u00e7a\u011fr\u0131 sistemlerini de b\u00fcnyesinde bulundurmaktad\u0131r. \u00dcnitelerin [&hellip;]<\/p>","protected":false},"featured_media":522,"comment_status":"closed","ping_status":"closed","template":"","meta":[],"product_cat":[36],"product_tag":[],"class_list":["post-415","product","type-product","status-publish","has-post-thumbnail","hentry","product_cat-hasta-yatak-basi-unitesi"],"_links":{"self":[{"href":"https:\/\/iqmedikal.com\/en\/wp-json\/wp\/v2\/product\/415","targetHints":{"allow":["GET"]}}],"collection":[{"href":"https:\/\/iqmedikal.com\/en\/wp-json\/wp\/v2\/product"}],"about":[{"href":"https:\/\/iqmedikal.com\/en\/wp-json\/wp\/v2\/types\/product"}],"replies":[{"embeddable":true,"href":"https:\/\/iqmedikal.com\/en\/wp-json\/wp\/v2\/comments?post=415"}],"wp:featuredmedia":[{"embeddable":true,"href":"https:\/\/iqmedikal.com\/en\/wp-json\/wp\/v2\/media\/522"}],"wp:attachment":[{"href":"https:\/\/iqmedikal.com\/en\/wp-json\/wp\/v2\/media?parent=415"}],"wp:term":[{"taxonomy":"product_cat","embeddable":true,"href":"https:\/\/iqmedikal.com\/en\/wp-json\/wp\/v2\/product_cat?post=415"},{"taxonomy":"product_tag","embeddable":true,"href":"https:\/\/iqmedikal.com\/en\/wp-json\/wp\/v2\/product_tag?post=415"}],"curies":[{"name":"wp","href":"https:\/\/api.w.org\/{rel}","templated":true}]}}