{"id":414,"date":"2022-11-02T11:27:15","date_gmt":"2022-11-02T11:27:15","guid":{"rendered":"https:\/\/iqmedikal.com\/?post_type=product&#038;p=414"},"modified":"2022-11-02T13:28:15","modified_gmt":"2022-11-02T13:28:15","slug":"vakum-regulatoru","status":"publish","type":"product","link":"https:\/\/iqmedikal.com\/en\/product\/vakum-regulatoru\/","title":{"rendered":"Vacuum Regulator"},"content":{"rendered":"<p>Vacuum Regulator<\/p>\n<p>Thanks to the adjustable vacuum level, it can be plugged into the medical vacuum socket connected to the central gas system and provides the patient with the required amount of vacuum. There is a vacuum manometer on it that visually displays the desired vacuum value.<\/p>","protected":false},"excerpt":{"rendered":"<p>Vakum Reg\u00fclat\u00f6r\u00fc Merkezi gaz sistemine ba\u011fl\u0131 bulunan medikal vakum prizine tak\u0131l\u0131p ayarlanabilir vakum seviyesi sayesinde hastaya gereken \u00f6l\u00e7\u00fcde vakum sa\u011flar. \u00dczerinde istenilen vakum de\u011ferini g\u00f6rsel olarak g\u00f6steren vakum manometresi bulunmaktad\u0131r.<\/p>","protected":false},"featured_media":554,"comment_status":"closed","ping_status":"closed","template":"","meta":[],"product_cat":[35],"product_tag":[],"class_list":["post-414","product","type-product","status-publish","has-post-thumbnail","hentry","product_cat-ekipmanlar"],"_links":{"self":[{"href":"https:\/\/iqmedikal.com\/en\/wp-json\/wp\/v2\/product\/414","targetHints":{"allow":["GET"]}}],"collection":[{"href":"https:\/\/iqmedikal.com\/en\/wp-json\/wp\/v2\/product"}],"about":[{"href":"https:\/\/iqmedikal.com\/en\/wp-json\/wp\/v2\/types\/product"}],"replies":[{"embeddable":true,"href":"https:\/\/iqmedikal.com\/en\/wp-json\/wp\/v2\/comments?post=414"}],"wp:featuredmedia":[{"embeddable":true,"href":"https:\/\/iqmedikal.com\/en\/wp-json\/wp\/v2\/media\/554"}],"wp:attachment":[{"href":"https:\/\/iqmedikal.com\/en\/wp-json\/wp\/v2\/media?parent=414"}],"wp:term":[{"taxonomy":"product_cat","embeddable":true,"href":"https:\/\/iqmedikal.com\/en\/wp-json\/wp\/v2\/product_cat?post=414"},{"taxonomy":"product_tag","embeddable":true,"href":"https:\/\/iqmedikal.com\/en\/wp-json\/wp\/v2\/product_tag?post=414"}],"curies":[{"name":"wp","href":"https:\/\/api.w.org\/{rel}","templated":true}]}}