{"id":412,"date":"2022-11-02T11:27:14","date_gmt":"2022-11-02T11:27:14","guid":{"rendered":"https:\/\/iqmedikal.com\/?post_type=product&#038;p=412"},"modified":"2022-11-02T14:10:27","modified_gmt":"2022-11-02T14:10:27","slug":"flowmetre","status":"publish","type":"product","link":"https:\/\/iqmedikal.com\/en\/product\/flowmetre\/","title":{"rendered":"Flowmeter"},"content":{"rendered":"<h3>Flowmetre:<\/h3>\n<p>It is used to be plugged into the medical oxygen socket connected to the central gas system and to give the oxygen to the patient by passing it through the humidifier through the nose nozzle and mask. The scale indicator and humidification jar are made of shatter resistant polycarbonate material and can be sterilized at 134 \u02daC.<\/p>","protected":false},"excerpt":{"rendered":"<p>Flowmetre: Flowmetre, Merkezi gaz sistemine ba\u011fl\u0131 bulunan medikal oksijen prizine tak\u0131l\u0131p oksijenin burun memesi ve maske arac\u0131l\u0131\u011f\u0131 ile nemlendiriciden ge\u00e7irilerek hastaya verilmesinde kullan\u0131l\u0131r. Skala g\u00f6stergesi ve nemlendirme kavanozu k\u0131r\u0131lmaya kar\u015f\u0131 diren\u00e7li polikarbon malzemeden imal edilmi\u015ftir ve 134 \u02daC\u2019de sterilize edilebilir.<\/p>","protected":false},"featured_media":462,"comment_status":"closed","ping_status":"closed","template":"","meta":[],"product_cat":[35],"product_tag":[49],"class_list":["post-412","product","type-product","status-publish","has-post-thumbnail","hentry","product_cat-ekipmanlar","product_tag-flowmetre"],"_links":{"self":[{"href":"https:\/\/iqmedikal.com\/en\/wp-json\/wp\/v2\/product\/412","targetHints":{"allow":["GET"]}}],"collection":[{"href":"https:\/\/iqmedikal.com\/en\/wp-json\/wp\/v2\/product"}],"about":[{"href":"https:\/\/iqmedikal.com\/en\/wp-json\/wp\/v2\/types\/product"}],"replies":[{"embeddable":true,"href":"https:\/\/iqmedikal.com\/en\/wp-json\/wp\/v2\/comments?post=412"}],"wp:featuredmedia":[{"embeddable":true,"href":"https:\/\/iqmedikal.com\/en\/wp-json\/wp\/v2\/media\/462"}],"wp:attachment":[{"href":"https:\/\/iqmedikal.com\/en\/wp-json\/wp\/v2\/media?parent=412"}],"wp:term":[{"taxonomy":"product_cat","embeddable":true,"href":"https:\/\/iqmedikal.com\/en\/wp-json\/wp\/v2\/product_cat?post=412"},{"taxonomy":"product_tag","embeddable":true,"href":"https:\/\/iqmedikal.com\/en\/wp-json\/wp\/v2\/product_tag?post=412"}],"curies":[{"name":"wp","href":"https:\/\/api.w.org\/{rel}","templated":true}]}}