{"id":3,"date":"2022-11-01T19:26:57","date_gmt":"2022-11-01T19:26:57","guid":{"rendered":"https:\/\/iqmedikal.com\/?page_id=3"},"modified":"2022-11-03T12:03:29","modified_gmt":"2022-11-03T12:03:29","slug":"privacy-policy","status":"publish","type":"page","link":"https:\/\/iqmedikal.com\/en\/privacy-policy\/","title":{"rendered":"Privacy policy"},"content":{"rendered":"<p><strong>G\u0130ZL\u0130L\u0130K POL\u0130T\u0130KASI<\/strong><\/p>\n\n\n\n<p>IQ ELEKTRON\u0130K VE MED\u0130KAL GAZ S\u0130STEMLER\u0130 LTD.\u015eT\u0130. has adopted as a principle to ensure the confidentiality of the information shared by you visiting the website. For this reason, this \u201cPrivacy Policy\u201d aims to inform you by explaining which information about you is processed by IQ Medikal in which ways and for what purpose in accordance with the law, with which third parties this information is shared in accordance with the law and within the scope of your permission, and how it is protected by IQ Medikaltech. was created with. All services offered to you by IQ Medikal through all kinds of channels will be briefly referred to as \u201cService\u201d.<\/p>\n\n\n\n<p><strong>1- SCOPE OF THE PRIVACY POLICY<\/strong><\/p>\n\n\n\n<p>As part of the service provided, IQ Medikal may obtain and transfer information about you, who receive service, within the scope of this Privacy Policy. Such information transfers are made in accordance with the conditions determined by third parties, existing contracts with third parties and current legislation in force. This Privacy Policy does not reflect the privacy practices of third parties to whom information is transferred, and IQ Medikal is not responsible for their privacy policies or practices. This Privacy Policy is beyond the control of IQ Medikal, information collected by third-party websites and platforms, information collected by third parties through links on the IQ Medikal website, or titles on third-party websites sponsored and\/or participated by IQ Medikal does not include campaigns and other advertisements or promotions. IQ Medikal is not responsible for the processing of personal data collected, stored and used by third parties through their own websites.<\/p>\n\n\n\n<p><strong>2- COLLECTED DATA<\/strong><\/p>\n\n\n\n<p>Some of your personal data are processed by IQ Medikal within the scope of the Services provided. These personal data may include: name-surname, telephone number, address, e-mail address, fax number, IP address, location information, information about your product or service purchase, payment information, pages you view on our site, your visit to our site with your mobile device. In the event of an accident, the data identifying your mobile device and any other information that you have expressly and approved to give to us in writing or that we can obtain from third parties with your explicit consent can be accessed and processed by us.<\/p>\n\n\n\n<p><strong>3- USE OF COOKIES<\/strong><\/p>\n\n\n\n<p>IQ Medikal may obtain some of the above-mentioned personal data by using a technical communication file (Cookie). The technical communication files mentioned are small text files that a website sends to the user\u2019s browser to be stored in the main memory. The technical communication file stores status and preferences about a website, making it easier to use the Internet. The technical communication file helps to obtain statistical information about how many people use the website, for what purpose, how many times a person visits the website and how long they stay, and to dynamically generate advertisements and content from specially designed user pages for users. The technical communication file is not designed to retrieve data or any other personal data from the main memory or your e-mail. Most of the browsers are initially designed to accept the technical communication file, but users can change the settings so that the technical communication file does not arrive or a warning is given when the technical communication file is sent.<\/p>\n\n\n\n<p><strong>4- INFORMATION UPDATE AND CHANGE<\/strong><\/p>\n\n\n\n<p>IQ Medikal, gizlilik ve veri koruma prensiplerini g\u00fcncel tutmak ve ilgili mevzuata uygun hale getirmek i\u00e7in i\u015fbu Gizlilik Politikas\u0131\u2019n\u0131n i\u00e7eri\u011fini diledi\u011fi zaman de\u011fi\u015ftirebilir. De\u011fi\u015fen Gizlilik Politikas\u0131 IQ Medikal internet sitesinde ilan edilecektir. Gizlilik Politikas\u0131\u2019n\u0131n g\u00fcncel haline&nbsp;<a href=\"https:\/\/iqmedikal.com\/en\/\">www.iqmedikal.com<\/a>&nbsp;adresinden s\u00fcrekli olarak ula\u015fman\u0131z m\u00fcmk\u00fcnd\u00fcr. \u0130\u015fbu Gizlilik Politikas\u0131\u2019n\u0131n de\u011fi\u015ftirilmesinden sonra IQ Medikal\u2019in hizmet ve\/veya uygulamalar\u0131n\u0131 kullanmaya devam etmeniz halinde yap\u0131lan de\u011fi\u015fiklikleri kabul etti\u011finiz varsay\u0131l\u0131r. IQ Medikal\u2019in de\u011fi\u015fiklik yapt\u0131\u011f\u0131 Gizlilik Politikas\u0131 h\u00fck\u00fcmleri internet sitesinde yay\u0131nland\u0131\u011f\u0131 tarihte y\u00fcr\u00fcrl\u00fck kazan\u0131r.<\/p>\n\n\n\n<p class=\" translation-block\">IQ Medikal may change the content of this Privacy Policy at any time in order to keep its privacy and data protection principles up-to-date and in line with the relevant legislation. The changed Privacy Policy will be announced on the IQ Medikal website. Updating the Privacy Policy www.iqmedikal.com You can always access it. If you continue to use IQ Medikal\u2019s services and\/or applications after the change of this Privacy Policy, it is assumed that you accept the changes made. The provisions of the Privacy Policy that IQ Medikal has made come into force on the date they are published on the website.\n\nwww.iqmedikal.com You can help ensure that your contact information and preferences are accurate, complete and up-to-date. In terms of other personal data we have; You can request that we correct inaccurate information or delete information that is not required by law or for legitimate business purposes.\n\nContact information\n\nFEVZ\u0130 \u00c7AKMAK MAH. DIPLOMAT STREET A BLOCK NO:1 AA\n\nPENDIK ISTANBUL\n\nTel: +90 216 396 42 02\n\nMobile: +90 541 457 73 60\n\nE-mail: info@iqmedikal.com.tr<\/p>\n\n\n\n<p><strong><u>\u0130leti\u015fim bilgileri<\/u><\/strong><\/p>\n\n\n\n<p>FEVZ\u0130 \u00c7AKMAK MAH.D\u0130PLOMAT SOKAK A BLOK NO:1 AA<\/p>\n\n\n\n<p>PEND\u0130K \u0130STANBUL<\/p>\n\n\n\n<p><strong>Tel: +90 216 396 42 02<\/strong><\/p>\n\n\n\n<p><strong>Cep: +90 541 457 73 60<\/strong><\/p>\n\n\n\n<p><strong>E-mail: info@iqmedikal.com.tr<\/strong><\/p>","protected":false},"excerpt":{"rendered":"<p>G\u0130ZL\u0130L\u0130K POL\u0130T\u0130KASI IQ ELEKTRON\u0130K VE MED\u0130KAL GAZ S\u0130STEMLER\u0130 LTD.\u015eT\u0130., internet sitesini ziyaret eden sizlerin payla\u015fm\u0131\u015f oldu\u011fu bilgilerin gizlili\u011fini sa\u011flamay\u0131 ilke olarak kabul etmi\u015ftir. Bu nedenle i\u015fbu \u201cGizlilik Politikas\u0131\u201d sizlerin hangi bilgilerinin, hangi yollarla ve hukuka uygun hangi ama\u00e7 \u00e7er\u00e7evesinde IQ Medikal taraf\u0131ndan i\u015flendi\u011fini, bu bilgilerin hukuka uygun olarak ve vermi\u015f oldu\u011funuz izin kapsam\u0131nda hangi \u00fc\u00e7\u00fcnc\u00fc [&hellip;]<\/p>","protected":false},"author":1,"featured_media":0,"parent":0,"menu_order":0,"comment_status":"closed","ping_status":"open","template":"","meta":{"footnotes":""},"class_list":["post-3","page","type-page","status-publish","hentry"],"_links":{"self":[{"href":"https:\/\/iqmedikal.com\/en\/wp-json\/wp\/v2\/pages\/3","targetHints":{"allow":["GET"]}}],"collection":[{"href":"https:\/\/iqmedikal.com\/en\/wp-json\/wp\/v2\/pages"}],"about":[{"href":"https:\/\/iqmedikal.com\/en\/wp-json\/wp\/v2\/types\/page"}],"author":[{"embeddable":true,"href":"https:\/\/iqmedikal.com\/en\/wp-json\/wp\/v2\/users\/1"}],"replies":[{"embeddable":true,"href":"https:\/\/iqmedikal.com\/en\/wp-json\/wp\/v2\/comments?post=3"}],"version-history":[{"count":0,"href":"https:\/\/iqmedikal.com\/en\/wp-json\/wp\/v2\/pages\/3\/revisions"}],"wp:attachment":[{"href":"https:\/\/iqmedikal.com\/en\/wp-json\/wp\/v2\/media?parent=3"}],"curies":[{"name":"wp","href":"https:\/\/api.w.org\/{rel}","templated":true}]}}