{"id":132,"date":"2022-11-01T19:56:55","date_gmt":"2022-11-01T19:56:55","guid":{"rendered":"https:\/\/iqmedikal.com\/about\/"},"modified":"2022-11-02T09:37:45","modified_gmt":"2022-11-02T09:37:45","slug":"about","status":"publish","type":"page","link":"https:\/\/iqmedikal.com\/en\/about\/","title":{"rendered":"About Us"},"content":{"rendered":"<div data-elementor-type=\"wp-page\" data-elementor-id=\"132\" class=\"elementor elementor-132\" data-elementor-post-type=\"page\">\n\t\t\t\t\t\t\t\t\t<section class=\"elementor-section elementor-top-section elementor-element elementor-element-3a65f602 elementor-section-full_width elementor-section-height-min-height elementor-section-items-stretch elementor-section-content-middle elementor-section-height-default\" data-id=\"3a65f602\" data-element_type=\"section\">\n\t\t\t\t\t\t<div class=\"elementor-container elementor-column-gap-default\">\n\t\t\t\t\t<div class=\"elementor-column elementor-col-50 elementor-top-column elementor-element elementor-element-4c8fc5a7\" data-id=\"4c8fc5a7\" data-element_type=\"column\" data-settings=\"{&quot;background_background&quot;:&quot;classic&quot;}\">\n\t\t\t<div class=\"elementor-widget-wrap elementor-element-populated\">\n\t\t\t\t\t\t\t\t<div class=\"elementor-element elementor-element-60aadc22 elementor-widget elementor-widget-heading\" data-id=\"60aadc22\" data-element_type=\"widget\" data-widget_type=\"heading.default\">\n\t\t\t\t<div class=\"elementor-widget-container\">\n\t\t\t<style>\/*! elementor - v3.17.0 - 08-11-2023 *\/\n.elementor-heading-title{padding:0;margin:0;line-height:1}.elementor-widget-heading .elementor-heading-title[class*=elementor-size-]>a{color:inherit;font-size:inherit;line-height:inherit}.elementor-widget-heading .elementor-heading-title.elementor-size-small{font-size:15px}.elementor-widget-heading .elementor-heading-title.elementor-size-medium{font-size:19px}.elementor-widget-heading .elementor-heading-title.elementor-size-large{font-size:29px}.elementor-widget-heading .elementor-heading-title.elementor-size-xl{font-size:39px}.elementor-widget-heading .elementor-heading-title.elementor-size-xxl{font-size:59px}<\/style><h1 class=\"elementor-heading-title elementor-size-default\">About Us<\/h1>\t\t<\/div>\n\t\t\t\t<\/div>\n\t\t\t\t\t<\/div>\n\t\t<\/div>\n\t\t\t\t<div class=\"elementor-column elementor-col-50 elementor-top-column elementor-element elementor-element-55f296fb\" data-id=\"55f296fb\" data-element_type=\"column\" data-settings=\"{&quot;background_background&quot;:&quot;classic&quot;}\">\n\t\t\t<div class=\"elementor-widget-wrap elementor-element-populated\">\n\t\t\t\t\t\t\t\t<div class=\"elementor-element elementor-element-6018c509 elementor-widget elementor-widget-spacer\" data-id=\"6018c509\" data-element_type=\"widget\" data-widget_type=\"spacer.default\">\n\t\t\t\t<div class=\"elementor-widget-container\">\n\t\t\t<style>\/*! elementor - v3.17.0 - 08-11-2023 *\/\n.elementor-column .elementor-spacer-inner{height:var(--spacer-size)}.e-con{--container-widget-width:100%}.e-con-inner>.elementor-widget-spacer,.e-con>.elementor-widget-spacer{width:var(--container-widget-width,var(--spacer-size));--align-self:var(--container-widget-align-self,initial);--flex-shrink:0}.e-con-inner>.elementor-widget-spacer>.elementor-widget-container,.e-con>.elementor-widget-spacer>.elementor-widget-container{height:100%;width:100%}.e-con-inner>.elementor-widget-spacer>.elementor-widget-container>.elementor-spacer,.e-con>.elementor-widget-spacer>.elementor-widget-container>.elementor-spacer{height:100%}.e-con-inner>.elementor-widget-spacer>.elementor-widget-container>.elementor-spacer>.elementor-spacer-inner,.e-con>.elementor-widget-spacer>.elementor-widget-container>.elementor-spacer>.elementor-spacer-inner{height:var(--container-widget-height,var(--spacer-size))}.e-con-inner>.elementor-widget-spacer.elementor-widget-empty,.e-con>.elementor-widget-spacer.elementor-widget-empty{position:relative;min-height:22px;min-width:22px}.e-con-inner>.elementor-widget-spacer.elementor-widget-empty .elementor-widget-empty-icon,.e-con>.elementor-widget-spacer.elementor-widget-empty .elementor-widget-empty-icon{position:absolute;top:0;bottom:0;left:0;right:0;margin:auto;padding:0;width:22px;height:22px}<\/style>\t\t<div class=\"elementor-spacer\">\n\t\t\t<div class=\"elementor-spacer-inner\"><\/div>\n\t\t<\/div>\n\t\t\t\t<\/div>\n\t\t\t\t<\/div>\n\t\t\t\t\t<\/div>\n\t\t<\/div>\n\t\t\t\t\t\t\t<\/div>\n\t\t<\/section>\n\t\t\t\t<section class=\"elementor-section elementor-top-section elementor-element elementor-element-64417eb1 elementor-section-full_width elementor-section-content-middle elementor-reverse-tablet elementor-reverse-mobile elementor-section-height-min-height elementor-section-items-bottom elementor-section-height-default\" data-id=\"64417eb1\" data-element_type=\"section\" id=\"expert\">\n\t\t\t\t\t\t<div class=\"elementor-container elementor-column-gap-default\">\n\t\t\t\t\t<div class=\"elementor-column elementor-col-100 elementor-top-column elementor-element elementor-element-4f52ea6\" data-id=\"4f52ea6\" data-element_type=\"column\" data-settings=\"{&quot;background_background&quot;:&quot;classic&quot;}\">\n\t\t\t<div class=\"elementor-widget-wrap elementor-element-populated\">\n\t\t\t\t\t\t\t\t<div class=\"elementor-element elementor-element-c345581 elementor-widget elementor-widget-text-editor\" data-id=\"c345581\" data-element_type=\"widget\" data-widget_type=\"text-editor.default\">\n\t\t\t\t<div class=\"elementor-widget-container\">\n\t\t\t<style>\/*! elementor - v3.17.0 - 08-11-2023 *\/\n.elementor-widget-text-editor.elementor-drop-cap-view-stacked .elementor-drop-cap{background-color:#69727d;color:#fff}.elementor-widget-text-editor.elementor-drop-cap-view-framed .elementor-drop-cap{color:#69727d;border:3px solid;background-color:transparent}.elementor-widget-text-editor:not(.elementor-drop-cap-view-default) .elementor-drop-cap{margin-top:8px}.elementor-widget-text-editor:not(.elementor-drop-cap-view-default) .elementor-drop-cap-letter{width:1em;height:1em}.elementor-widget-text-editor .elementor-drop-cap{float:left;text-align:center;line-height:1;font-size:50px}.elementor-widget-text-editor .elementor-drop-cap-letter{display:inline-block}<\/style>\t\t\t\t<p class=\" translation-block\">IQ Medikal serves as the representative of the world\u2019s leading manufacturers of medical gas systems needed for hospitals, medical centers, IVF centers and laboratories.\nBeing conscious of the sector it works in, IQ Medikal creates alternatives in order to offer optimum solutions to its customers in imported products. Among the services that IQ Medikal provides to its customers regarding the products it sells, are the medical gas installation project drawing, the right material selection for the locations and the determination of alternative products, the training opportunities for the technical personnel related to the products it sells,offers its services to the technical service for the after-sales products both during and after the warranty period. IQ Medical sales engineers and representatives aim to present their years of experience to their customers.\n\nAmong the services that IQ Medikal provides to its customers regarding the products it sells, are the medical gas installation project drawing, the right material selection for the locations and the determination of alternative products, the training opportunities for the technical personnel related to the products it sells,offers its services to the technical service for the after-sales products both during and after the warranty period.\n\nIQ Medikal is the authorized dealer of Emesys Nurse Call Systems in Istanbul, maintenance and repair.<\/p><p>IQ Medikal\u2019 in sat\u0131\u015f\u0131n\u0131 yapt\u0131\u011f\u0131 \u00fcr\u00fcnlerle ilgili m\u00fc\u015fterilerine verdi\u011fi hizmetler aras\u0131nda medikal gaz tesisat\u0131 proje \u00e7izimi, mahallerle ilgili do\u011fru malzeme se\u00e7imi ve alternatif \u00fcr\u00fcnler belirleme, sat\u0131\u015f\u0131n\u0131 yapt\u0131\u011f\u0131 \u00fcr\u00fcnlerle alakal\u0131 teknik personele e\u011fitim olana\u011f\u0131 sunma, sat\u0131\u015f sonras\u0131 \u00fcr\u00fcnlerle alakal\u0131 gerek garanti s\u00fcresince gerekse garanti sonras\u0131 teknik servis hizmetlerini sunmaktad\u0131r.<\/p><p><strong>IQ Medikal, Emesys Hem\u015fire \u00c7a\u011fr\u0131 Sistemleri firmas\u0131n\u0131n \u0130stanbul, bak\u0131m ve onar\u0131m yetkili bayisidir.<\/strong><\/p>\t\t\t\t\t\t<\/div>\n\t\t\t\t<\/div>\n\t\t\t\t\t<\/div>\n\t\t<\/div>\n\t\t\t\t\t\t\t<\/div>\n\t\t<\/section>\n\t\t\t\t\t\t\t<\/div>","protected":false},"excerpt":{"rendered":"<p>Hakk\u0131m\u0131zda IQ Medikal, hastane, t\u0131p merkezi, t\u00fcp bebek merkezleri ve laboratuvarlara ihtiya\u00e7 duyulan t\u0131bbi gaz sistemleriyle ilgili d\u00fcnyan\u0131n \u00f6nde gelen \u00fcreticilerinin temsilcisi olarak hizmet vermektedir. \u00c7al\u0131\u015ft\u0131\u011f\u0131 sekt\u00f6r\u00fcn bilincinde olan IQ Medikal, gerek ithal etti\u011fi \u00fcr\u00fcnlerde m\u00fc\u015fterilerine optimum \u00e7\u00f6z\u00fcmleri sunmak i\u00e7in alternatifler yaratmaktad\u0131r. IQ Medikal\u2019 in sat\u0131\u015f\u0131n\u0131 yapt\u0131\u011f\u0131 \u00fcr\u00fcnlerle ilgili m\u00fc\u015fterilerine verdi\u011fi hizmetler aras\u0131nda medikal gaz [&hellip;]<\/p>","protected":false},"author":1,"featured_media":0,"parent":0,"menu_order":0,"comment_status":"closed","ping_status":"closed","template":"elementor_header_footer","meta":{"footnotes":""},"class_list":["post-132","page","type-page","status-publish","hentry"],"_links":{"self":[{"href":"https:\/\/iqmedikal.com\/en\/wp-json\/wp\/v2\/pages\/132","targetHints":{"allow":["GET"]}}],"collection":[{"href":"https:\/\/iqmedikal.com\/en\/wp-json\/wp\/v2\/pages"}],"about":[{"href":"https:\/\/iqmedikal.com\/en\/wp-json\/wp\/v2\/types\/page"}],"author":[{"embeddable":true,"href":"https:\/\/iqmedikal.com\/en\/wp-json\/wp\/v2\/users\/1"}],"replies":[{"embeddable":true,"href":"https:\/\/iqmedikal.com\/en\/wp-json\/wp\/v2\/comments?post=132"}],"version-history":[{"count":0,"href":"https:\/\/iqmedikal.com\/en\/wp-json\/wp\/v2\/pages\/132\/revisions"}],"wp:attachment":[{"href":"https:\/\/iqmedikal.com\/en\/wp-json\/wp\/v2\/media?parent=132"}],"curies":[{"name":"wp","href":"https:\/\/api.w.org\/{rel}","templated":true}]}}