{"id":116,"date":"2022-11-01T19:56:46","date_gmt":"2022-11-01T19:56:46","guid":{"rendered":"https:\/\/iqmedikal.com\/dental-services\/"},"modified":"2022-11-05T16:40:22","modified_gmt":"2022-11-05T16:40:22","slug":"referanslar","status":"publish","type":"page","link":"https:\/\/iqmedikal.com\/en\/referanslar\/","title":{"rendered":"Referances"},"content":{"rendered":"<div data-elementor-type=\"wp-page\" data-elementor-id=\"116\" class=\"elementor elementor-116\" data-elementor-post-type=\"page\">\n\t\t\t\t\t\t\t\t\t<section class=\"elementor-section elementor-top-section elementor-element elementor-element-273bbe02 elementor-section-full_width elementor-section-height-min-height elementor-section-items-stretch elementor-section-content-middle elementor-section-height-default\" data-id=\"273bbe02\" data-element_type=\"section\">\n\t\t\t\t\t\t<div class=\"elementor-container elementor-column-gap-default\">\n\t\t\t\t\t<div class=\"elementor-column elementor-col-50 elementor-top-column elementor-element elementor-element-36cb5c54\" data-id=\"36cb5c54\" data-element_type=\"column\" data-settings=\"{&quot;background_background&quot;:&quot;classic&quot;}\">\n\t\t\t<div class=\"elementor-widget-wrap elementor-element-populated\">\n\t\t\t\t\t\t\t\t<div class=\"elementor-element elementor-element-77a117f1 elementor-widget elementor-widget-heading\" data-id=\"77a117f1\" data-element_type=\"widget\" data-widget_type=\"heading.default\">\n\t\t\t\t<div class=\"elementor-widget-container\">\n\t\t\t<style>\/*! elementor - v3.17.0 - 08-11-2023 *\/\n.elementor-heading-title{padding:0;margin:0;line-height:1}.elementor-widget-heading .elementor-heading-title[class*=elementor-size-]>a{color:inherit;font-size:inherit;line-height:inherit}.elementor-widget-heading .elementor-heading-title.elementor-size-small{font-size:15px}.elementor-widget-heading .elementor-heading-title.elementor-size-medium{font-size:19px}.elementor-widget-heading .elementor-heading-title.elementor-size-large{font-size:29px}.elementor-widget-heading .elementor-heading-title.elementor-size-xl{font-size:39px}.elementor-widget-heading .elementor-heading-title.elementor-size-xxl{font-size:59px}<\/style><h1 class=\"elementor-heading-title elementor-size-default\">Referances<\/h1>\t\t<\/div>\n\t\t\t\t<\/div>\n\t\t\t\t\t<\/div>\n\t\t<\/div>\n\t\t\t\t<div class=\"elementor-column elementor-col-50 elementor-top-column elementor-element elementor-element-508bcc1\" data-id=\"508bcc1\" data-element_type=\"column\" data-settings=\"{&quot;background_background&quot;:&quot;classic&quot;}\">\n\t\t\t<div class=\"elementor-widget-wrap elementor-element-populated\">\n\t\t\t\t\t\t\t\t<div class=\"elementor-element elementor-element-7d934da8 elementor-widget elementor-widget-spacer\" data-id=\"7d934da8\" data-element_type=\"widget\" data-widget_type=\"spacer.default\">\n\t\t\t\t<div class=\"elementor-widget-container\">\n\t\t\t<style>\/*! elementor - v3.17.0 - 08-11-2023 *\/\n.elementor-column .elementor-spacer-inner{height:var(--spacer-size)}.e-con{--container-widget-width:100%}.e-con-inner>.elementor-widget-spacer,.e-con>.elementor-widget-spacer{width:var(--container-widget-width,var(--spacer-size));--align-self:var(--container-widget-align-self,initial);--flex-shrink:0}.e-con-inner>.elementor-widget-spacer>.elementor-widget-container,.e-con>.elementor-widget-spacer>.elementor-widget-container{height:100%;width:100%}.e-con-inner>.elementor-widget-spacer>.elementor-widget-container>.elementor-spacer,.e-con>.elementor-widget-spacer>.elementor-widget-container>.elementor-spacer{height:100%}.e-con-inner>.elementor-widget-spacer>.elementor-widget-container>.elementor-spacer>.elementor-spacer-inner,.e-con>.elementor-widget-spacer>.elementor-widget-container>.elementor-spacer>.elementor-spacer-inner{height:var(--container-widget-height,var(--spacer-size))}.e-con-inner>.elementor-widget-spacer.elementor-widget-empty,.e-con>.elementor-widget-spacer.elementor-widget-empty{position:relative;min-height:22px;min-width:22px}.e-con-inner>.elementor-widget-spacer.elementor-widget-empty .elementor-widget-empty-icon,.e-con>.elementor-widget-spacer.elementor-widget-empty .elementor-widget-empty-icon{position:absolute;top:0;bottom:0;left:0;right:0;margin:auto;padding:0;width:22px;height:22px}<\/style>\t\t<div class=\"elementor-spacer\">\n\t\t\t<div class=\"elementor-spacer-inner\"><\/div>\n\t\t<\/div>\n\t\t\t\t<\/div>\n\t\t\t\t<\/div>\n\t\t\t\t\t<\/div>\n\t\t<\/div>\n\t\t\t\t\t\t\t<\/div>\n\t\t<\/section>\n\t\t\t\t<section class=\"elementor-section elementor-top-section elementor-element elementor-element-0b2a350 elementor-section-boxed elementor-section-height-default elementor-section-height-default\" data-id=\"0b2a350\" data-element_type=\"section\">\n\t\t\t\t\t\t<div class=\"elementor-container elementor-column-gap-default\">\n\t\t\t\t\t<div class=\"elementor-column elementor-col-50 elementor-top-column elementor-element elementor-element-07e6f1b\" data-id=\"07e6f1b\" data-element_type=\"column\">\n\t\t\t<div class=\"elementor-widget-wrap elementor-element-populated\">\n\t\t\t\t\t\t\t\t<div class=\"elementor-element elementor-element-12b8eca elementor-widget elementor-widget-text-editor\" data-id=\"12b8eca\" data-element_type=\"widget\" data-widget_type=\"text-editor.default\">\n\t\t\t\t<div class=\"elementor-widget-container\">\n\t\t\t<style>\/*! elementor - v3.17.0 - 08-11-2023 *\/\n.elementor-widget-text-editor.elementor-drop-cap-view-stacked .elementor-drop-cap{background-color:#69727d;color:#fff}.elementor-widget-text-editor.elementor-drop-cap-view-framed .elementor-drop-cap{color:#69727d;border:3px solid;background-color:transparent}.elementor-widget-text-editor:not(.elementor-drop-cap-view-default) .elementor-drop-cap{margin-top:8px}.elementor-widget-text-editor:not(.elementor-drop-cap-view-default) .elementor-drop-cap-letter{width:1em;height:1em}.elementor-widget-text-editor .elementor-drop-cap{float:left;text-align:center;line-height:1;font-size:50px}.elementor-widget-text-editor .elementor-drop-cap-letter{display:inline-block}<\/style>\t\t\t\t<p class=\"\"><strong>Dar\u0131ca Hospital Park Hastanesi<\/strong>\u00a0&#8211; medikal gaz sistemleri kurulumu ve bak\u0131m onar\u0131m i\u015flemleri, medikal malzemeler tedari\u011fi<\/p><p class=\"\"><strong>Babaeski Devlet Hastanesi<\/strong>\u00a0&#8211; Bak\u0131m ve onar\u0131m<\/p><p class=\"\"><strong>K\u0131rklareli Devlet Hastanesi<\/strong>\u00a0-Bak\u0131m, onar\u0131m ve Medikal Gaz Tesisat\u0131<\/p><p class=\"\"><strong>Edirne Uzun K\u00f6pr\u00fc Devlet Hastanesi<\/strong>\u00a0&#8211; Bak\u0131m ve onar\u0131m, hastane ekipmanlar\u0131n\u0131n tedari\u011fi<\/p><p class=\"\"><strong>K\u00fctahya Tav\u015fanl\u0131 Devlet Hastanesi<\/strong>\u00a0&#8211; Bak\u0131m ve onar\u0131m, medikal malzemelerin tedari\u011fi<\/p><p class=\"\"><strong>Bolu Abant \u0130zzet Baysal E\u011ft. Ar\u015ft.<\/strong>\u00a0&#8211; Bak\u0131m ve onar\u0131m, Hastaba\u015f\u0131 montaj, bak\u0131r boru tesisat\u0131<\/p><p class=\"\"><strong>Gebze Y\u00fczy\u0131l Hastanesi<\/strong>\u00a0&#8211; Bak\u0131m ve onar\u0131m, medikal gaz sistemleri kurulumu ve montaj\u0131<\/p><p class=\"\"><strong>Gebze Konak Hastanesi<\/strong>\u00a0&#8211; Bak\u0131m ve onar\u0131m, Oksijen Santrali montaj\u0131<\/p><p class=\"\"><strong>\u0130zmit Konak Hastanesi<\/strong>\u00a0&#8211; bak\u0131m,onar\u0131m, medikal malzemelerin tedari\u011fi, bak\u0131r boru tesisast\u0131 ve azotprotoksit santralinin kurulumu<\/p><p class=\"\"><strong>\u00d6zel Cihan Hastanesi<\/strong>\u00a0&#8211; bak\u0131m, onar\u0131m, medikal malzemelerin tedari\u011fi ve yo\u011fun bak\u0131m kurulumu<\/p><p class=\"\"><strong>\u0130zmit Akademi Hastanesi\u00a0<\/strong>&#8211; bak\u0131m, onar\u0131m, medikal malzemelerin tedari\u011fi<\/p><p class=\"\"><strong>Adapazar\u0131 Veni \u00a0Vidi G\u00f6z Hastanesi<\/strong>\u00a0&#8211; Medikal gaz sistemleri kurulumu<\/p><p class=\"\"><strong>Adana Ba\u015fkent Hastanesi<\/strong>\u00a0&#8211; bak\u0131m,onar\u0131m, medikal malzemeler tedari\u011fi<\/p><p class=\"\"><strong>\u0130stanbul \u00dcsk\u00fcdar Ba\u015fkent \u00dcni.\u00a0Hast.<\/strong>\u00a0&#8211; palyatif birimi kurulumu<\/p><p class=\"\"><strong>\u0130stanbul Kurtk\u00f6y Ersoy hastanesi<\/strong>\u00a0&#8211; bak\u0131m, onar\u0131m, medikal malzemeler tedari\u011fi\u00a0<\/p><p class=\"\"><strong>\u0130stanbul Maltepe Ersoy Hastanesi\u00a0<\/strong>&#8211; \u00a0bak\u0131m, onar\u0131m, medikal malzemeler tedari\u011fi<\/p>\t\t\t\t\t\t<\/div>\n\t\t\t\t<\/div>\n\t\t\t\t\t<\/div>\n\t\t<\/div>\n\t\t\t\t<div class=\"elementor-column elementor-col-50 elementor-top-column elementor-element elementor-element-c65309d\" data-id=\"c65309d\" data-element_type=\"column\">\n\t\t\t<div class=\"elementor-widget-wrap elementor-element-populated\">\n\t\t\t\t\t\t\t\t<div class=\"elementor-element elementor-element-22fcb23 elementor-widget elementor-widget-text-editor\" data-id=\"22fcb23\" data-element_type=\"widget\" data-widget_type=\"text-editor.default\">\n\t\t\t\t<div class=\"elementor-widget-container\">\n\t\t\t\t\t\t\t<p class=\"\"><strong>\u0130stanbul Pendik Veni Vidi G\u00f6z Hastanesi\u00a0<\/strong>&#8211; medikal gaz sistemleri kurulumu<\/p><p class=\"\"><strong>\u0130stanbul Pendik Hospital\u00a0<\/strong>&#8211; vakum santrali kurulumu, medikal malzemeler tedari\u011fi<\/p><p class=\"\"><strong>Sancaktepe B\u00f6lge Hastanesi\u00a0<\/strong>&#8211; oksijen santrali kurulumu, bak\u0131m, onar\u0131m ve medikal malzemeler tedari\u011fi\u00a0<\/p><p class=\"\"><strong>Sancaktepe Sancak G\u00f6z Hastanesi\u00a0<\/strong>&#8211; medikal gaz sistemleri kurulumu ve medikal malzemelerin tedari\u011fi\u00a0<\/p><p class=\"\"><strong>\u00dcmraniye E\u011ft Ara\u015ft\u0131rma Hastanesi\u00a0<\/strong>&#8211; bak\u0131m onar\u0131m, hem\u015fire \u00e7a\u011fr\u0131 sistemi bak\u0131m\u0131 ve onar\u0131m\u0131\u00a0<\/p><p class=\"\"><strong>\u0130stanbul Bak\u0131rk\u00f6y Veni Vidi G\u00f6z Hastanesi\u00a0<\/strong>&#8211; medikal gaz sistemleri kurulumu, bak\u0131m ve onar\u0131m\u00a0<\/p><p class=\"\"><strong>\u0130stanbul Kartal \u0130bni Sina Hastanesi<\/strong>\u00a0&#8211; oksijen santrali kurulumu ve bak\u0131m onar\u0131m \u00a0<\/p><p class=\"\"><strong>G\u00f6lc\u00fck Necati \u00c7elik Devlet Hastanesi\u00a0<\/strong>&#8211; medikal malzemeler tedari\u011fi\u00a0<\/p><p class=\"\"><strong>\u015eile Devlet Hastanesi<\/strong>\u00a0&#8211; Medikal malzemeler tedari\u011fi\u00a0<\/p><p class=\"\"><strong>\u0130stanbul Sancaktepe E\u011ft Ara\u015ft\u0131rma Hastanesi<\/strong>\u00a0&#8211; acil servis kurulumu\u00a0<\/p><p class=\"\"><strong>\u0130stanbul FSM Hastanesi<\/strong>\u00a0&#8211; MR b\u00f6l\u00fcm\u00fc medikal gaz sistemleri kurulumu\u00a0<\/p><p class=\"\"><strong>Dar\u0131ca Farabi Devlet Hastanesi\u00a0<\/strong>&#8211; hava santrali kurulumu\u00a0<\/p><p class=\"\"><strong>Zeynep Kamil Kad\u0131n ve \u00c7ocuk Hastal\u0131klar\u0131 E\u011fitim ve Ara\u015ft\u0131rma Hastanesi<\/strong>\u00a0&#8211; bak\u0131m onar\u0131m i\u015flemleri<\/p><p class=\"\"><strong>\u0130stanbul Sultanbeyli Ersoy Hastanesi<\/strong>\u00a0&#8211; oksijen santrali kurulumu, bebek yo\u011fun bak\u0131m kurulumu, bak\u0131m, onar\u0131m, medikal malzemeler tedari\u011fi<\/p><p class=\"\"><strong>Pendik B\u00f6lge Hastanesi<\/strong>\u00a0&#8211; oksijen santrali kurulumu, yo\u011fun bak\u0131m \u00fcnitesi kurulumu, bak\u0131m, onar\u0131m, medikal malzemeler tedari\u011fi\u00a0<\/p><p class=\"\"><strong>Maltepe B\u00f6lge Hastanesi<\/strong>\u00a0&#8211; bak\u0131m, onar\u0131m, medikal malzemeler tedari\u011fi<\/p>\t\t\t\t\t\t<\/div>\n\t\t\t\t<\/div>\n\t\t\t\t\t<\/div>\n\t\t<\/div>\n\t\t\t\t\t\t\t<\/div>\n\t\t<\/section>\n\t\t\t\t\t\t\t<\/div>","protected":false},"excerpt":{"rendered":"<p>Referanslar\u0131m\u0131z Dar\u0131ca Hospital Park Hastanesi&nbsp;&#8211; medikal gaz sistemleri kurulumu ve bak\u0131m onar\u0131m i\u015flemleri, medikal malzemeler tedari\u011fi Babaeski Devlet Hastanesi&nbsp;&#8211; Bak\u0131m ve onar\u0131m K\u0131rklareli Devlet Hastanesi&nbsp;-Bak\u0131m, onar\u0131m ve Medikal Gaz Tesisat\u0131 Edirne Uzun K\u00f6pr\u00fc Devlet Hastanesi&nbsp;&#8211; Bak\u0131m ve onar\u0131m, hastane ekipmanlar\u0131n\u0131n tedari\u011fi K\u00fctahya Tav\u015fanl\u0131 Devlet Hastanesi&nbsp;&#8211; Bak\u0131m ve onar\u0131m, medikal malzemelerin tedari\u011fi Bolu Abant \u0130zzet Baysal [&hellip;]<\/p>","protected":false},"author":1,"featured_media":0,"parent":0,"menu_order":0,"comment_status":"closed","ping_status":"closed","template":"elementor_header_footer","meta":{"footnotes":""},"class_list":["post-116","page","type-page","status-publish","hentry"],"_links":{"self":[{"href":"https:\/\/iqmedikal.com\/en\/wp-json\/wp\/v2\/pages\/116","targetHints":{"allow":["GET"]}}],"collection":[{"href":"https:\/\/iqmedikal.com\/en\/wp-json\/wp\/v2\/pages"}],"about":[{"href":"https:\/\/iqmedikal.com\/en\/wp-json\/wp\/v2\/types\/page"}],"author":[{"embeddable":true,"href":"https:\/\/iqmedikal.com\/en\/wp-json\/wp\/v2\/users\/1"}],"replies":[{"embeddable":true,"href":"https:\/\/iqmedikal.com\/en\/wp-json\/wp\/v2\/comments?post=116"}],"version-history":[{"count":0,"href":"https:\/\/iqmedikal.com\/en\/wp-json\/wp\/v2\/pages\/116\/revisions"}],"wp:attachment":[{"href":"https:\/\/iqmedikal.com\/en\/wp-json\/wp\/v2\/media?parent=116"}],"curies":[{"name":"wp","href":"https:\/\/api.w.org\/{rel}","templated":true}]}}